{"id":850,"date":"2013-05-10T13:18:55","date_gmt":"2013-05-10T11:18:55","guid":{"rendered":"http:\/\/www.thju.de\/?page_id=850"},"modified":"2015-07-12T16:40:23","modified_gmt":"2015-07-12T14:40:23","slug":"poi-aus-openstreetmap","status":"publish","type":"page","link":"https:\/\/www.thju.de\/en\/bash-scripte\/poi-aus-openstreetmap\/","title":{"rendered":"POI aus Openstreetmap"},"content":{"rendered":"<h2>Vorraussetzungen<\/h2>\n<ul>\n<li>OSM.PBF Datei<\/li>\n<li>osmosis<\/li>\n<li>gpsbabel<\/li>\n<li>sed<\/li>\n<\/ul>\n<h2>Bedienung<\/h2>\n<p>Mit diesem Script kann man sich aus Openstreetmap-Daten POI als GPX-Datei ausgeben lassen.<br \/>\nZuerst muss man in der Variable <em>INPUT<\/em> die Quelldatei angeben.<br \/>\nBei der Variable <em>OUTPUT<\/em> wird der Name von der Ausgabedatei festgelegt. Die Endung &#8220;.gpx&#8221; wird automatisch angeh\u00e4ngt.<br \/>\nBei der Variable <em>POITEXT<\/em> muss man den Namen der POIs angeben. Dieser wird in der Regel auf dem Ausgabeger\u00e4t angezeigt.<br \/>\nMit den Variablen <em>NODESFILTER, RELATIONSFILTER<\/em> und <em>WAYSFILTER<\/em> kann man die Filter festlegen.<\/p>\n<h3>Beispiel<\/h3>\n<p>NODESFILTER=&#8221;accept-nodes highway=bus_stop&#8221;: Nur Punkte die als highway=bus_stop gekennzeichnet sind werden ausgegeben.<br \/>\nRELATIONSFILTER=&#8221;reject-relations&#8221;: Alle Fl\u00e4chen werden Weggefiltert.<br \/>\nWAYSFILTER=&#8221;reject-ways&#8221;: Alle Linen\/Wege werden Weggefiltert.<\/p>\n<h2>Anwendungsbeispiele<\/h2>\n<p>Die GPX-Dateien k\u00f6nnen auf diverse Navigationsger\u00e4te\/GPS-Empf\u00e4nger kopiert\/installiert werden.<br \/>\nDas Ger\u00e4t kann dann z.B. einen Ann\u00e4herungsalarm ausl\u00f6sen.<\/p>\n<h2>Script<\/h2>\n<pre class=\"lang:sh decode:true \" title=\"POI-Extrakt.sh\" data-url=\"https:\/\/dl.thju.de\/osm\/POI-Extrakt.sh\" ><\/pre>\n<h2>Download<\/h2>\n<div class=\"scbb-content-box scbb-rounded-corners scbb-content-box-green\"><a href=\"https:\/\/www.thju.de\/dl\/osm\/POI-Extrakt.sh\" title=\"POI-Extrakt.sh\" target=\"_blank\">POI-Extrakt.sh<\/a> herunterladen!<\/div>\n","protected":false},"excerpt":{"rendered":"<p>Vorraussetzungen OSM.PBF Datei osmosis gpsbabel sed Bedienung Mit diesem Script kann man sich aus Openstreetmap-Daten POI als GPX-Datei ausgeben lassen. Zuerst muss man in der Variable INPUT die Quelldatei angeben. Bei der Variable OUTPUT wird der Name von der Ausgabedatei &hellip;<\/p>\n<p class=\"read-more\"> <a class=\"more-link\" href=\"https:\/\/www.thju.de\/en\/bash-scripte\/poi-aus-openstreetmap\/\"> <span class=\"screen-reader-text\">POI aus Openstreetmap<\/span> Read More &raquo;<\/a><\/p>\n","protected":false},"author":1,"featured_media":0,"parent":661,"menu_order":0,"comment_status":"open","ping_status":"open","template":"","meta":{"footnotes":""},"class_list":["post-850","page","type-page","status-publish","hentry"],"_links":{"self":[{"href":"https:\/\/www.thju.de\/en\/wp-json\/wp\/v2\/pages\/850","targetHints":{"allow":["GET"]}}],"collection":[{"href":"https:\/\/www.thju.de\/en\/wp-json\/wp\/v2\/pages"}],"about":[{"href":"https:\/\/www.thju.de\/en\/wp-json\/wp\/v2\/types\/page"}],"author":[{"embeddable":true,"href":"https:\/\/www.thju.de\/en\/wp-json\/wp\/v2\/users\/1"}],"replies":[{"embeddable":true,"href":"https:\/\/www.thju.de\/en\/wp-json\/wp\/v2\/comments?post=850"}],"version-history":[{"count":1,"href":"https:\/\/www.thju.de\/en\/wp-json\/wp\/v2\/pages\/850\/revisions"}],"predecessor-version":[{"id":1117,"href":"https:\/\/www.thju.de\/en\/wp-json\/wp\/v2\/pages\/850\/revisions\/1117"}],"up":[{"embeddable":true,"href":"https:\/\/www.thju.de\/en\/wp-json\/wp\/v2\/pages\/661"}],"wp:attachment":[{"href":"https:\/\/www.thju.de\/en\/wp-json\/wp\/v2\/media?parent=850"}],"curies":[{"name":"wp","href":"https:\/\/api.w.org\/{rel}","templated":true}]}}