{"id":533,"date":"2013-03-11T21:26:12","date_gmt":"2013-03-11T20:26:12","guid":{"rendered":"https:\/\/blog.thju.de\/?page_id=533"},"modified":"2018-01-21T15:00:16","modified_gmt":"2018-01-21T14:00:16","slug":"techniker-abschlussprojekt","status":"publish","type":"page","link":"https:\/\/www.thju.de\/en\/techniker-abschlussprojekt\/","title":{"rendered":"Staatlich gepr\u00fcfter Techniker &#8211; Abschlussprojekt"},"content":{"rendered":"<figure style=\"width: 400px\"  class=\"wp-caption alignright\"><img decoding=\"async\" title=\"Roboter-Fertigungsstra\u00dfe\" alt=\"Roboter-Fertigungsstra\u00dfe\" src=\"https:\/\/www.thju.de\/dl\/techniker\/roboter1.jpg\" width=\"400\" \/><figcaption class=\"wp-caption-text\">Roboter-Fertigungsstra\u00dfe<\/figcaption><\/figure>\n<h2 id=\"thema\">Thema<\/h2>\n<p>Planung, Konstruktion und Fertigung einer <strong>Roboter-Fertigungsstra\u00dfe<\/strong><\/p>\n<h2 id=\"projekt-ziele\">Projekt-Ziele<\/h2>\n<ul>\n<li>Simulation eines Industrieroboters<\/li>\n<li>Bedienung f\u00fcr jeden m\u00f6glich<\/li>\n<li>Frei programmierbarer Bewegungsablauf<\/li>\n<\/ul>\n<h2 id=\"autoren\">Autoren<\/h2>\n<ul>\n<li>Artur Bardhoshi<\/li>\n<li>Sven Hirsch<\/li>\n<li>Thomas Jungbauer<\/li>\n<\/ul>\n<p>&nbsp;<\/p>\n<h2 id=\"praesentation\">Pr\u00e4sentation<\/h2>\n<p><a title=\"Pr\u00e4sentation\" href=\"https:\/\/www.thju.de\/dl\/techniker\/roboter.pdf\" target=\"_blank\">Pr\u00e4sentation als PDF<\/a><\/p>\n<h2 id=\"rheinpfalz\">Zeitungsartikel in der Rheinpfalz<\/h2>\n<p>&nbsp;<\/p>\n<p style=\"text-align: center;\"><img decoding=\"async\" class=\"aligncenter\" title=\"Rheinpfalz\" alt=\"Rheinpfalz\" src=\"https:\/\/www.thju.de\/dl\/techniker\/rheinpfalz.png\" width=\"700\" \/><\/p>\n<p style=\"text-align: center;\"><a title=\"Rheinpfalz\" href=\"https:\/\/www.thju.de\/dl\/techniker\/rheinpfalz.pdf\" target=\"_blank\">Zeitungsartikel als PDF-Download<\/a><\/p>\n<h2>Videos<\/h2>\n<p><a title=\"Roboter: Bewegungsablauf\" href=\"https:\/\/www.thju.de\/dl\/techniker\/roboter1.avi\" target=\"_blank\">Bewegungsablauf<\/a><br \/>\n<a title=\"Bewegung im Oberschlitten\" href=\"https:\/\/www.thju.de\/dl\/techniker\/roboter2.avi\" target=\"_blank\">Roboter: Bewegung im Oberschlitten<\/a><\/p>\n<h3>Roboter: Bewegungsablauf<\/h3>\n<div class=\"wp-playlist wp-video-playlist wp-playlist-light\">\n\t\t<video controls=\"controls\" preload=\"none\" width=\"583\"\n\t\t height=\"466\"\t><\/video>\n\t<div class=\"wp-playlist-next\"><\/div>\n\t<div class=\"wp-playlist-prev\"><\/div>\n\t<noscript>\n\t<ol>\n\t\t<li><a href='https:\/\/www.thju.de\/wp-content\/uploads\/2018\/01\/roboter1.mp4'>Roboter: Bewegungsablauf<\/a><\/li>\t<\/ol>\n\t<\/noscript>\n\t<script type=\"application\/json\" class=\"wp-playlist-script\">{\"type\":\"video\",\"tracklist\":true,\"tracknumbers\":true,\"images\":true,\"artists\":true,\"tracks\":[{\"src\":\"https:\/\/www.thju.de\/wp-content\/uploads\/2018\/01\/roboter1.mp4\",\"type\":\"video\/mp4\",\"title\":\"Roboter: Bewegungsablauf\",\"caption\":\"Roboter: Bewegungsablauf\",\"description\":\"Roboter: Bewegungsablauf\",\"meta\":{\"length_formatted\":\"1:32\"},\"dimensions\":{\"original\":{\"width\":720,\"height\":576},\"resized\":{\"width\":583,\"height\":466}},\"image\":{\"src\":\"https:\/\/www.thju.de\/wp-includes\/images\/media\/video.svg\",\"width\":48,\"height\":64},\"thumb\":{\"src\":\"https:\/\/www.thju.de\/wp-includes\/images\/media\/video.svg\",\"width\":48,\"height\":64}}]}<\/script>\n<\/div>\n\t\n<h3><\/h3>\n<h3>Roboter: Bewegung im Oberschlitten<\/h3>\n<div style=\"width: 605px;\" class=\"wp-video\"><video class=\"wp-video-shortcode\" id=\"video-533-1\" width=\"605\" height=\"484\" preload=\"metadata\" controls=\"controls\"><source type=\"video\/mp4\" src=\"https:\/\/www.thju.de\/wp-content\/uploads\/2018\/01\/roboter2.mp4?_=1\" \/><a href=\"https:\/\/www.thju.de\/wp-content\/uploads\/2018\/01\/roboter2.mp4\">https:\/\/www.thju.de\/wp-content\/uploads\/2018\/01\/roboter2.mp4<\/a><\/video><\/div>\n<p>\nHinweis: Die eingebetteten Videos funktionieren leider nicht mit allen Browserversionen. In diesem Fall bitte die Videos herunterladen und offline anschauen. <br \/>\nDiverse Adblocker blockieren die Viedeos ebenfalls. In diesem Fall bitte den Adblocker f\u00fcr www.thju.de deaktivieren. <br \/>PS: Auf dieser Seite ist keine Werbung geschaltet. Sollten Sie dennoch Werbung sehen, \u00fcberpr\u00fcfen Sie Ihren PC auf Vieren und Spyware.<\/p>\n","protected":false},"excerpt":{"rendered":"<p>Thema Planung, Konstruktion und Fertigung einer Roboter-Fertigungsstra\u00dfe Projekt-Ziele Simulation eines Industrieroboters Bedienung f\u00fcr jeden m\u00f6glich Frei programmierbarer Bewegungsablauf Autoren Artur Bardhoshi Sven Hirsch Thomas Jungbauer &nbsp; Pr\u00e4sentation Pr\u00e4sentation als PDF Zeitungsartikel in der Rheinpfalz &nbsp; Zeitungsartikel als PDF-Download Videos Bewegungsablauf &hellip;<\/p>\n<p class=\"read-more\"> <a class=\"more-link\" href=\"https:\/\/www.thju.de\/en\/techniker-abschlussprojekt\/\"> <span class=\"screen-reader-text\">Staatlich gepr\u00fcfter Techniker &#8211; Abschlussprojekt<\/span> Read More &raquo;<\/a><\/p>\n","protected":false},"author":1,"featured_media":0,"parent":0,"menu_order":0,"comment_status":"open","ping_status":"open","template":"full-width-page.php","meta":{"footnotes":""},"class_list":["post-533","page","type-page","status-publish","hentry"],"_links":{"self":[{"href":"https:\/\/www.thju.de\/en\/wp-json\/wp\/v2\/pages\/533","targetHints":{"allow":["GET"]}}],"collection":[{"href":"https:\/\/www.thju.de\/en\/wp-json\/wp\/v2\/pages"}],"about":[{"href":"https:\/\/www.thju.de\/en\/wp-json\/wp\/v2\/types\/page"}],"author":[{"embeddable":true,"href":"https:\/\/www.thju.de\/en\/wp-json\/wp\/v2\/users\/1"}],"replies":[{"embeddable":true,"href":"https:\/\/www.thju.de\/en\/wp-json\/wp\/v2\/comments?post=533"}],"version-history":[{"count":21,"href":"https:\/\/www.thju.de\/en\/wp-json\/wp\/v2\/pages\/533\/revisions"}],"predecessor-version":[{"id":1309,"href":"https:\/\/www.thju.de\/en\/wp-json\/wp\/v2\/pages\/533\/revisions\/1309"}],"wp:attachment":[{"href":"https:\/\/www.thju.de\/en\/wp-json\/wp\/v2\/media?parent=533"}],"curies":[{"name":"wp","href":"https:\/\/api.w.org\/{rel}","templated":true}]}}