{"id":493,"date":"2013-03-10T11:21:59","date_gmt":"2013-03-10T10:21:59","guid":{"rendered":"https:\/\/blog.thju.de\/?page_id=493"},"modified":"2019-02-04T09:49:34","modified_gmt":"2019-02-04T08:49:34","slug":"gpsmid","status":"publish","type":"page","link":"https:\/\/www.thju.de\/en\/gpsmid\/","title":{"rendered":"GpsMid mit OpenStreetMap-Daten"},"content":{"rendered":"<div class=\"scbb-content-box scbb-rounded-corners scbb-content-box-green\"> <strong>Inhalt wird nicht mehr gepflegt! <\/strong><\/div>\n<p><a title=\"GpsMid\" href=\"https:\/\/sourceforge.net\/projects\/gpsmid\/\">GpsMid<\/a> ist eine Anwendung um OpenStreetMap Daten auf dem Handy zu benutzten. Es kann zus\u00e4tzlich Tracks aufzeichnen und WayPoints setzten. Die Berechnung von Ganzen Bundesl\u00e4ndern mittels <a title=\"Osm2GpsMid\" href=\"http:\/\/gpsmid.sourceforge.net\/osmtogpsmid.html\">Osm2GpsMid<\/a> ben\u00f6tigt viel Rechenzeit und Hauptspeicher. Um euch die Arbeit zu ersparen, stelle ich die von mir erstellte GpsMid zum Download bereit. Die Lizensen sind auf den jeweiligen Projektseiten (<a title=\"GpsMid\" href=\"https:\/\/sourceforge.net\/projects\/gpsmid\/\">GpsMid<\/a>, <a title=\"OpenStreetMap\" href=\"http:\/\/www.openstreetmap.org\/\">OpenStreetMap<\/a>) nachzulesen.<\/p>\n<h2>Bash-Script<\/h2>\n<div class=\"scbb-content-box scbb-rounded-corners scbb-content-box-green\"><a title=\"Bash-Script\" href=\"https:\/\/gpsmid.thju.de\/gpsmid-scripte-2012-06-23.zip\">Linux-Bash-Script f\u00fcr die Erstellung der GpsMid<\/a><\/div>\n<h2>GpsMid Download<\/h2>\n<div class=\"scbb-content-box scbb-rounded-corners scbb-content-box-green\"><a title=\"GpsMid Download\" href=\"https:\/\/gpsmid.thju.de\/\">GpsMid mit OpenStreetMap-Daten<br \/>\ngibt es hier zum Download<\/a><\/div>\n<p>&nbsp;<\/p>\n<h2>Varianten<\/h2>\n<table>\n<tbody>\n<tr>\n<th>Variante<\/th>\n<th>Beschreibung<\/th>\n<th>Dateigr\u00f6\u00dfe<\/th>\n<th>Online-OSM-Edit<\/th>\n<th>Hausnummern<\/th>\n<th>Cell ID<\/th>\n<th>Sprachen<\/th>\n<th>Betriebsystem<\/th>\n<th>Status<\/th>\n<\/tr>\n<tr>\n<td>gpsmid-all-routing<\/td>\n<td>Mit Rountingfunktionen f\u00fcr Auto, Fahrrad und Fu\u00dfg\u00e4nger<\/td>\n<td>Gro\u00df<\/td>\n<td>Ja<\/td>\n<td>Ja<\/td>\n<td>Ja<\/td>\n<td>Deutsch, Englisch<\/td>\n<td>Java JRE<\/td>\n<td>OK<\/td>\n<\/tr>\n<tr>\n<td>gpsmid-motorcar-routing<\/td>\n<td>Nur Routing f\u00fcrs Auto<\/td>\n<td>Mittel<\/td>\n<td>Nein<\/td>\n<td>Nein<\/td>\n<td>Nein<\/td>\n<td>Deutsch, Englisch<\/td>\n<td>Java JRE<\/td>\n<td>Wird nicht mehr erstellt<\/td>\n<\/tr>\n<tr>\n<td>gpsmid-no-routing<\/td>\n<td>Keine Routing Funktionen, kleinste Dateigr\u00f6\u00dfe<\/td>\n<td>Klein<\/td>\n<td>Nein<\/td>\n<td>Nein<\/td>\n<td>Nein<\/td>\n<td>Deutsch, Englisch<\/td>\n<td>Java JRE<\/td>\n<td>Wird nicht mehr erstellt<\/td>\n<\/tr>\n<tr>\n<td>gpsmid-android<\/td>\n<td>Mit Rountingfunktionen f\u00fcr Auto, Fahrrad und Fu\u00dfg\u00e4nger<\/td>\n<td>Gro\u00df<\/td>\n<td>Ja<\/td>\n<td>Ja<\/td>\n<td>Ja<\/td>\n<td>Deutsch, Englisch<\/td>\n<td>Android<\/td>\n<td>OK<\/td>\n<\/tr>\n<\/tbody>\n<\/table>\n<p>&nbsp;<\/p>\n<h2>Bundesl\u00e4nder-Abk\u00fcrzungen<\/h2>\n<table summary=\"Bundesl\u00e4nder-Abk\u00fcrzungen\">\n<tbody>\n<tr>\n<th>Bundesland<\/th>\n<th>Abk\u00fcrzungen<\/th>\n<\/tr>\n<tr>\n<td>Baden-W\u00fcrttemberg<\/td>\n<td>\n<div>BW<\/div>\n<\/td>\n<\/tr>\n<tr>\n<td>Bayern<\/td>\n<td>\n<div>BY<\/div>\n<\/td>\n<\/tr>\n<tr>\n<td>Berlin<\/td>\n<td>\n<div>BE<\/div>\n<\/td>\n<\/tr>\n<tr>\n<td>Brandenburg<\/td>\n<td>\n<div>BB<\/div>\n<\/td>\n<\/tr>\n<tr>\n<td>Bremen<\/td>\n<td>\n<div>HB<\/div>\n<\/td>\n<\/tr>\n<tr>\n<td>Hamburg<\/td>\n<td>\n<div>HH<\/div>\n<\/td>\n<\/tr>\n<tr>\n<td>Hessen<\/td>\n<td>\n<div>HE<\/div>\n<\/td>\n<\/tr>\n<tr>\n<td>Mecklenburg-Vorpommern<\/td>\n<td>\n<div>MV<\/div>\n<\/td>\n<\/tr>\n<tr>\n<td>Niedersachsen<\/td>\n<td>\n<div>NI<\/div>\n<\/td>\n<\/tr>\n<tr>\n<td>Nordrhein-Westfalen<\/td>\n<td>\n<div>NW<\/div>\n<\/td>\n<\/tr>\n<tr>\n<td>Rheinland-Pfalz<\/td>\n<td>\n<div>RP<\/div>\n<\/td>\n<\/tr>\n<tr>\n<td>Saarland<\/td>\n<td>\n<div>SL<\/div>\n<\/td>\n<\/tr>\n<tr>\n<td>Sachsen-anhalt<\/td>\n<td>\n<div>ST<\/div>\n<\/td>\n<\/tr>\n<tr>\n<td>Sachsen<\/td>\n<td>\n<div>SN<\/div>\n<\/td>\n<\/tr>\n<tr>\n<td>Schleswig-Holstein<\/td>\n<td>\n<div>SH<\/div>\n<\/td>\n<\/tr>\n<tr>\n<td>Th\u00fcringen<\/td>\n<td>\n<div>TH<\/div>\n<\/td>\n<\/tr>\n<\/tbody>\n<\/table>\n<p>&nbsp;<\/p>\n<h1 id=\"deutschlandkarte\">Deutschlandkarte<\/h1>\n<div>\n<p>Eine <a title=\"https:\/\/gpsmid.thju.de\/Deutschland-Juni-2012\/\" href=\"https:\/\/gpsmid.thju.de\/Deutschland-Juni-2012\/\" rel=\"nofollow\">Deutschlandkarte vom Juni 2012 gibt es hier zum Download.<\/a> Leider kann ich diese Karten nicht aktuallisieren. Hierf\u00fcr wird ein Rechner mit min. 32 GB RAM ben\u00f6tigt.<\/p>\n<\/div>\n<h2>Europ\u00e4ische L\u00e4nder oder Regionen<\/h2>\n<p>In dem Ordner &#8220;Datum-europe&#8221; gibt es die folgenden Europ\u00e4ische L\u00e4nder oder Regionen zum Download:<br \/>\nW\u00fcnsche zu weiteren L\u00e4ndern bitte als Kommentar hinterlassen.<\/p>\n<table>\n<tbody>\n<tr>\n<th>Bezeichnung<\/th>\n<th>L\u00e4nder \/ Regionen<\/th>\n<th>Status<\/th>\n<\/tr>\n<tr>\n<td>Austria<\/td>\n<td>\u00d6sterreich<\/td>\n<td>OK<\/td>\n<\/tr>\n<tr>\n<td>Belarus<\/td>\n<td>Wei\u00dfrussland<\/td>\n<td>OK<\/td>\n<\/tr>\n<tr>\n<td>Belgium<\/td>\n<td>Belgien<\/td>\n<td>OK<\/td>\n<\/tr>\n<tr>\n<td>Bulgaria<\/td>\n<td>Bulgarien<\/td>\n<td>OK<\/td>\n<\/tr>\n<tr>\n<td>Cyprus<\/td>\n<td>Republik Zypern<\/td>\n<td>OK<\/td>\n<\/tr>\n<tr>\n<td>Czech-Republic<\/td>\n<td>Tschechische Republik<\/td>\n<td>OK<\/td>\n<\/tr>\n<tr>\n<td>Denmark<\/td>\n<td>D\u00e4nemark<\/td>\n<td>OK<\/td>\n<\/tr>\n<tr>\n<td>Finland<\/td>\n<td>Finnland<\/td>\n<td>OK<\/td>\n<\/tr>\n<tr>\n<td>France<\/td>\n<td>Frankreich<\/td>\n<td>Nur als einzelne Regionen<\/td>\n<\/tr>\n<tr>\n<td>Greece<\/td>\n<td>Griechenland<\/td>\n<td>OK<\/td>\n<\/tr>\n<tr>\n<td>Hungary<\/td>\n<td>Ungarn<\/td>\n<td>OK<\/td>\n<\/tr>\n<tr>\n<td>Ireland-and-Northern-Ireland<\/td>\n<td>Ireland und Nord Irland<\/td>\n<td>OK<\/td>\n<\/tr>\n<tr>\n<td>Luxembourg<\/td>\n<td>Luxemburg<\/td>\n<td>OK<\/td>\n<\/tr>\n<tr>\n<td>Netherlands<\/td>\n<td>Niederlande<\/td>\n<td>Zu wenig RAM, aktuell nicht vorhanden<\/td>\n<\/tr>\n<tr>\n<td>Norway<\/td>\n<td>Norwegen<\/td>\n<td>Letzer Stand 02\/2015<\/td>\n<\/tr>\n<tr>\n<td>Poland<\/td>\n<td>Polen<\/td>\n<td>OK<\/td>\n<\/tr>\n<tr>\n<td>Portugal<\/td>\n<td>Portugal<\/td>\n<td>OK<\/td>\n<\/tr>\n<tr>\n<td>Romania<\/td>\n<td>Rum\u00e4nien<\/td>\n<td>OK<\/td>\n<\/tr>\n<tr>\n<td>Slovakia<\/td>\n<td>Slowakei<\/td>\n<td>OK<\/td>\n<\/tr>\n<tr>\n<td>Slovenia<\/td>\n<td>Slowenien<\/td>\n<td>OK<\/td>\n<\/tr>\n<tr>\n<td>Spain<\/td>\n<td>Spanien<\/td>\n<td>OK<\/td>\n<\/tr>\n<tr>\n<td>Sweden<\/td>\n<td>Schweden<\/td>\n<td>OK<\/td>\n<\/tr>\n<tr>\n<td>Switzerland<\/td>\n<td>Schweiz<\/td>\n<td>OK<\/td>\n<\/tr>\n<tr>\n<td>Turkey<\/td>\n<td>T\u00fcrkei<\/td>\n<td>OK<\/td>\n<\/tr>\n<tr>\n<td>Ukraine<\/td>\n<td>Ukraine<\/td>\n<td>OK<\/td>\n<\/tr>\n<\/tbody>\n<\/table>\n","protected":false},"excerpt":{"rendered":"<p>GpsMid ist eine Anwendung um OpenStreetMap Daten auf dem Handy zu benutzten. Es kann zus\u00e4tzlich Tracks aufzeichnen und WayPoints setzten. Die Berechnung von Ganzen Bundesl\u00e4ndern mittels Osm2GpsMid ben\u00f6tigt viel Rechenzeit und Hauptspeicher. Um euch die Arbeit zu ersparen, stelle ich &hellip;<\/p>\n<p class=\"read-more\"> <a class=\"more-link\" href=\"https:\/\/www.thju.de\/en\/gpsmid\/\"> <span class=\"screen-reader-text\">GpsMid mit OpenStreetMap-Daten<\/span> Read More &raquo;<\/a><\/p>\n","protected":false},"author":1,"featured_media":0,"parent":0,"menu_order":0,"comment_status":"open","ping_status":"open","template":"full-width-page.php","meta":{"footnotes":""},"class_list":["post-493","page","type-page","status-publish","hentry"],"_links":{"self":[{"href":"https:\/\/www.thju.de\/en\/wp-json\/wp\/v2\/pages\/493","targetHints":{"allow":["GET"]}}],"collection":[{"href":"https:\/\/www.thju.de\/en\/wp-json\/wp\/v2\/pages"}],"about":[{"href":"https:\/\/www.thju.de\/en\/wp-json\/wp\/v2\/types\/page"}],"author":[{"embeddable":true,"href":"https:\/\/www.thju.de\/en\/wp-json\/wp\/v2\/users\/1"}],"replies":[{"embeddable":true,"href":"https:\/\/www.thju.de\/en\/wp-json\/wp\/v2\/comments?post=493"}],"version-history":[{"count":30,"href":"https:\/\/www.thju.de\/en\/wp-json\/wp\/v2\/pages\/493\/revisions"}],"predecessor-version":[{"id":881,"href":"https:\/\/www.thju.de\/en\/wp-json\/wp\/v2\/pages\/493\/revisions\/881"}],"wp:attachment":[{"href":"https:\/\/www.thju.de\/en\/wp-json\/wp\/v2\/media?parent=493"}],"curies":[{"name":"wp","href":"https:\/\/api.w.org\/{rel}","templated":true}]}}